{"id":280,"date":"2021-11-23T10:02:22","date_gmt":"2021-11-23T10:02:22","guid":{"rendered":"https:\/\/www.etica.cat\/procedimientos\/"},"modified":"2021-11-24T11:09:35","modified_gmt":"2021-11-24T11:09:35","slug":"procedimientos","status":"publish","type":"page","link":"https:\/\/www.etica.cat\/es\/procedimientos\/","title":{"rendered":"Procedimientos"},"content":{"rendered":"<p>[et_pb_section fb_built=\u00bb1&#8243; _builder_version=\u00bb4.13.1&#8243; _module_preset=\u00bbdefault\u00bb global_colors_info=\u00bb{}\u00bb][et_pb_row _builder_version=\u00bb4.13.1&#8243; _module_preset=\u00bbdefault\u00bb locked=\u00bboff\u00bb global_colors_info=\u00bb{}\u00bb][et_pb_column type=\u00bb4_4&#8243; _builder_version=\u00bb4.13.1&#8243; _module_preset=\u00bbdefault\u00bb global_colors_info=\u00bb{}\u00bb][et_pb_text _builder_version=\u00bb4.13.1&#8243; _module_preset=\u00bbdefault\u00bb header_2_font=\u00bb|700|||||||\u00bb header_2_font_size=\u00bb40px\u00bb global_colors_info=\u00bb{}\u00bb]<\/p>\n<h2 center=\"\" 22=\"\" style=\"text-align: center;\"><span>PROCEDIMIENTOS<br \/><\/span><\/h2>\n<p>[\/et_pb_text][et_pb_divider color=\u00bb#000000&#8243; divider_weight=\u00bb2px\u00bb _builder_version=\u00bb4.13.1&#8243; _module_preset=\u00bbdefault\u00bb width=\u00bb100%\u00bb custom_margin=\u00bb-25px||0px||false|false\u00bb custom_padding=\u00bb0px||0px||false|false\u00bb global_colors_info=\u00bb{}\u00bb][\/et_pb_divider][\/et_pb_column][\/et_pb_row][et_pb_row _builder_version=\u00bb4.13.1&#8243; _module_preset=\u00bbdefault\u00bb global_colors_info=\u00bb{}\u00bb][et_pb_column type=\u00bb4_4&#8243; _builder_version=\u00bb4.13.1&#8243; _module_preset=\u00bbdefault\u00bb global_colors_info=\u00bb{}\u00bb][et_pb_text _builder_version=\u00bb4.13.1&#8243; _module_preset=\u00bbdefault\u00bb text_text_color=\u00bb#000000&#8243; text_font_size=\u00bb16px\u00bb width=\u00bb500px\u00bb module_alignment=\u00bbcenter\u00bb global_colors_info=\u00bb{}\u00bb]<\/p>\n<h3 style=\"text-align: center;\"><strong>NUESTROS VALORES<\/strong><\/h3>\n<p style=\"text-align: center;\"><span style=\"color: #009974;\"><strong>Profesionalidad, personalizaci\u00f3n de los servicios, flexibilidad, rigor, eficiencia y agilidad<\/strong> <\/span>&#8211; nos llevan a utilizar PROCEDIMIENTOS CONCRETOS a la hora de implementar los servicios<\/p>\n<p>[\/et_pb_text][\/et_pb_column][\/et_pb_row][et_pb_row column_structure=\u00bb1_2,1_2&#8243; _builder_version=\u00bb4.13.1&#8243; _module_preset=\u00bbdefault\u00bb global_colors_info=\u00bb{}\u00bb][et_pb_column type=\u00bb1_2&#8243; _builder_version=\u00bb4.13.1&#8243; _module_preset=\u00bbdefault\u00bb global_colors_info=\u00bb{}\u00bb][et_pb_text _builder_version=\u00bb4.13.1&#8243; _module_preset=\u00bbdefault\u00bb header_2_font=\u00bb|700|||||||\u00bb header_2_font_size=\u00bb40px\u00bb custom_margin=\u00bb0px|||||\u00bb locked=\u00bboff\u00bb global_colors_info=\u00bb{}\u00bb]<\/p>\n<h3 left=\"\" 22=\"\"><span><strong>Nuestro PROCEDIMIENTO DE ACTUACI\u00d3N comporta:<\/strong><br \/><\/span><\/h3>\n<p>[\/et_pb_text][et_pb_divider color=\u00bb#000000&#8243; divider_weight=\u00bb2px\u00bb _builder_version=\u00bb4.13.1&#8243; _module_preset=\u00bbdefault\u00bb width=\u00bb60px\u00bb module_alignment=\u00bbleft\u00bb custom_margin=\u00bb-30px||0px||false|false\u00bb locked=\u00bboff\u00bb global_colors_info=\u00bb{}\u00bb][\/et_pb_divider][et_pb_text ol_position=\u00bboutside\u00bb _builder_version=\u00bb4.13.1&#8243; _module_preset=\u00bbdefault\u00bb text_text_color=\u00bb#000000&#8243; text_font_size=\u00bb16px\u00bb ol_font=\u00bb||||||||\u00bb ol_font_size=\u00bb16px\u00bb global_colors_info=\u00bb{}\u00bb]<\/p>\n<ol>\n<li style=\"text-align: justify;\">Reuniones previas necesarias con la Direcci\u00f3n de la empresa y Departamento<br \/>de RRHH para detectar las necesidades reales y cumplimentar el imprescindible check-list.<\/li>\n<li style=\"text-align: justify;\">Entrega de propuesta de calendario coordinado de actuaciones.<\/li>\n<li style=\"text-align: justify;\">Confecci\u00f3n de la documentaci\u00f3n correspondiente a los C\u00f3digos, Pol\u00edticas y Protocolos.<\/li>\n<li style=\"text-align: justify;\">Reuniones con la Direcci\u00f3n y\/o RRHH de revisi\u00f3n previas a su implementaci\u00f3n. Introducci\u00f3n de las correcciones o adiciones oportunas.<\/li>\n<li style=\"text-align: justify;\">Entrega a la empresa de los Documentos y apoyos definitivos.<\/li>\n<li style=\"text-align: justify;\">Implementaci\u00f3n mediante la formaci\u00f3n in situ, en la sede o sedes de la empresa, a toda la plantilla, y entrega de la documentaci\u00f3n a los trabajadores con las sesiones necesarias en funci\u00f3n del n\u00famero de trabajadores y de documentos a implantar.<\/li>\n<\/ol>\n<p>[\/et_pb_text][\/et_pb_column][et_pb_column type=\u00bb1_2&#8243; _builder_version=\u00bb4.13.1&#8243; _module_preset=\u00bbdefault\u00bb global_colors_info=\u00bb{}\u00bb][et_pb_image src=\u00bbhttps:\/\/www.etica.cat\/wp-content\/uploads\/2021\/11\/etica-procediments.jpg\u00bb _builder_version=\u00bb4.13.1&#8243; _module_preset=\u00bbdefault\u00bb width=\u00bb80%\u00bb module_alignment=\u00bbcenter\u00bb global_colors_info=\u00bb{}\u00bb][\/et_pb_image][\/et_pb_column][\/et_pb_row][et_pb_row disabled_on=\u00bbon|on|on\u00bb _builder_version=\u00bb4.13.1&#8243; _module_preset=\u00bbdefault\u00bb disabled=\u00bbon\u00bb global_colors_info=\u00bb{}\u00bb][et_pb_column type=\u00bb4_4&#8243; _builder_version=\u00bb4.13.1&#8243; _module_preset=\u00bbdefault\u00bb global_colors_info=\u00bb{}\u00bb][et_pb_tabs _builder_version=\u00bb4.13.1&#8243; _module_preset=\u00bbdefault\u00bb global_colors_info=\u00bb{}\u00bb][et_pb_tab title=\u00bbETAPA INICIAL\u00bb _builder_version=\u00bb4.13.1&#8243; _module_preset=\u00bbdefault\u00bb body_text_color=\u00bb#000000&#8243; body_font_size=\u00bb16px\u00bb tab_font_size=\u00bb16px\u00bb global_colors_info=\u00bb{}\u00bb]<\/p>\n<ul>\n<li>Asesoramiento legal a RRHH, Direcci\u00f3n o Comit\u00e9 de vigilancia y cumplimiento en el planteamiento de dudas e incidencias internas.<\/li>\n<li>Las revisiones o modificaciones necesarias en los 12 meses siguientes a la implementaci\u00f3n.<\/li>\n<li>La entrega de los c\u00f3digos , protocolos y pol\u00edticas a cada trabajador.<\/li>\n<li>La complementaci\u00f3n y gesti\u00f3n del tr\u00e1mite para la solicitud de la bonificaci\u00f3n de la formaci\u00f3n a la plataforma FUNDAE<\/li>\n<\/ul>\n<p>[\/et_pb_tab][et_pb_tab title=\u00bb SEGUNDA Y RESTO De ETAPAS\u00bb _builder_version=\u00bb4.13.1&#8243; _module_preset=\u00bbdefault\u00bb body_text_color=\u00bb#000000&#8243; body_font_size=\u00bb16px\u00bb tab_font_size=\u00bb16px\u00bb global_colors_info=\u00bb{}\u00bb]<\/p>\n<ul>\n<li>Asesoramiento legal a RRHH, Direcci\u00f3n o Comit\u00e9 de vigilancia y cumplimiento en el planteamiento de dudas e incidencias internas.<\/li>\n<li>Las revisiones o modificaciones necesarias en los 12 meses siguientes a la implementaci\u00f3n.<\/li>\n<li>La entrega de los c\u00f3digos , protocolos y pol\u00edticas a cada trabajador.<\/li>\n<li>La complementaci\u00f3n y gesti\u00f3n del tr\u00e1mite para la solicitud de la bonificaci\u00f3n de la formaci\u00f3n a la plataforma FUNDAE<\/li>\n<\/ul>\n<p>[\/et_pb_tab][et_pb_tab title=\u00bb SIEMPRE\u00bb _builder_version=\u00bb4.13.1&#8243; _module_preset=\u00bbdefault\u00bb body_text_color=\u00bb#000000&#8243; body_font_size=\u00bb16px\u00bb tab_font_size=\u00bb16px\u00bb global_colors_info=\u00bb{}\u00bb]<\/p>\n<ul>\n<li>Asesoramiento legal a RRHH, Direcci\u00f3n o Comit\u00e9 de vigilancia y cumplimiento en el planteamiento de dudas e incidencias internas.<\/li>\n<li>Las revisiones o modificaciones necesarias en los 12 meses siguientes a la implementaci\u00f3n.<\/li>\n<li>La entrega de los c\u00f3digos , protocolos y pol\u00edticas a cada trabajador.<\/li>\n<li>La complementaci\u00f3n y gesti\u00f3n del tr\u00e1mite para la solicitud de la bonificaci\u00f3n de la formaci\u00f3n a la plataforma FUNDAE<\/li>\n<\/ul>\n<p>[\/et_pb_tab][\/et_pb_tabs][\/et_pb_column][\/et_pb_row][et_pb_row _builder_version=\u00bb4.13.1&#8243; _module_preset=\u00bbdefault\u00bb global_colors_info=\u00bb{}\u00bb][et_pb_column type=\u00bb4_4&#8243; _builder_version=\u00bb4.13.1&#8243; _module_preset=\u00bbdefault\u00bb global_colors_info=\u00bb{}\u00bb][et_pb_text _builder_version=\u00bb4.13.1&#8243; _module_preset=\u00bbdefault\u00bb header_2_font=\u00bb|700|||||||\u00bb header_2_font_size=\u00bb40px\u00bb custom_margin=\u00bb0px|||||\u00bb locked=\u00bboff\u00bb global_colors_info=\u00bb{}\u00bb]<\/p>\n<h3 style=%22text-align: left;%22><span><strong>La importancia de la FORMACI\u00d3N DE LOS EMPLEADOS:<\/strong><br \/>\n<\/span><\/h3>\n<p>[\/et_pb_text][et_pb_divider color=\u00bb#000000&#8243; divider_weight=\u00bb2px\u00bb _builder_version=\u00bb4.13.1&#8243; _module_preset=\u00bbdefault\u00bb width=\u00bb60px\u00bb module_alignment=\u00bbleft\u00bb custom_margin=\u00bb-30px||0px||false|false\u00bb locked=\u00bboff\u00bb global_colors_info=\u00bb{}\u00bb][\/et_pb_divider][et_pb_text ol_position=\u00bboutside\u00bb _builder_version=\u00bb4.13.1&#8243; _module_preset=\u00bbdefault\u00bb text_text_color=\u00bb#000000&#8243; text_font_size=\u00bb16px\u00bb ol_font=\u00bb||||||||\u00bb ol_font_size=\u00bb16px\u00bb global_colors_info=\u00bb{}\u00bb]<\/p>\n<p style=\"text-align: justify;\"><span style=\"color: #009974;\"><strong>IMPARTIMOS LA FORMACI\u00d3N NECESARIA AL PERSONAL DE LAS EMPRESAS<\/strong> <\/span>como medio imprescindible para asegurar:<\/p>\n<ol style=\"text-align: justify;\">\n<li>El cumplimiento por parte de las empresas de su obligaci\u00f3n de informar debidamente a los trabajadores sobre los c\u00f3digos y protocolos implantados.<\/li>\n<li>El conocimiento preciso y cumplido por parte de los trabajadores del contenido de los c\u00f3digos y protocolos y las consecuencias de su incumplimiento.<\/li>\n<\/ol>\n<p style=\"text-align: justify;\">ESTA FORMACI\u00d3N PUEDE TRAMITARSE A CARGO DE <strong>LA FUNDACI\u00d3N TRIPARTITA<\/strong><\/p>\n<p>[\/et_pb_text][\/et_pb_column][\/et_pb_row][\/et_pb_section][et_pb_section fb_built=\u00bb1&#8243; disabled_on=\u00bbon|on|on\u00bb admin_label=\u00bbVideo Section\u00bb _builder_version=\u00bb4.13.0&#8243; min_height=\u00bb680.6px\u00bb custom_margin=\u00bb-37px||-37px||true|false\u00bb custom_padding=\u00bb0px||0px||false|false\u00bb disabled=\u00bbon\u00bb global_colors_info=\u00bb{}\u00bb][et_pb_row admin_label=\u00bbVideo\u00bb _builder_version=\u00bb4.13.0&#8243; custom_padding=\u00bb0px|0px|0px|0px\u00bb animation_style=\u00bbslide\u00bb animation_direction=\u00bbtop\u00bb animation_intensity_slide=\u00bb4%\u00bb animation_starting_opacity=\u00bb100%\u00bb box_shadow_style=\u00bbpreset1&#8243; box_shadow_blur=\u00bb77px\u00bb global_colors_info=\u00bb{}\u00bb][et_pb_column type=\u00bb4_4&#8243; _builder_version=\u00bb3.25&#8243; custom_padding=\u00bb|||\u00bb global_colors_info=\u00bb{}\u00bb custom_padding__hover=\u00bb|||\u00bb][et_pb_text admin_label=\u00bbTitle\u00bb _builder_version=\u00bb4.13.0&#8243; text_font=\u00bbMontserrat||||||||\u00bb text_text_color=\u00bb#747d88&#8243; text_font_size=\u00bb16px\u00bb text_line_height=\u00bb1.9em\u00bb header_font=\u00bbCormorant Garamond||||||||\u00bb header_2_font=\u00bbCormorant Garamond|700||on|||||\u00bb header_2_font_size=\u00bb42px\u00bb header_2_line_height=\u00bb1.3em\u00bb text_orientation=\u00bbcenter\u00bb max_width=\u00bb700px\u00bb module_alignment=\u00bbcenter\u00bb custom_padding=\u00bb30px||||false|false\u00bb animation_style=\u00bbslide\u00bb animation_direction=\u00bbbottom\u00bb animation_intensity_slide=\u00bb4%\u00bb header_2_font_size_tablet=\u00bb42px\u00bb header_2_font_size_phone=\u00bb30px\u00bb header_2_font_size_last_edited=\u00bbon|phone\u00bb global_colors_info=\u00bb{}\u00bb]<\/p>\n<h2>\u00daltimas noticias<\/h2>\n<p>[\/et_pb_text][et_pb_blog fullwidth=\u00bboff\u00bb posts_number=\u00bb3&#8243; include_categories=\u00bball\u00bb show_author=\u00bboff\u00bb show_pagination=\u00bboff\u00bb _builder_version=\u00bb4.13.0&#8243; _module_preset=\u00bbdefault\u00bb header_font=\u00bbPT Serif||||||||\u00bb header_font_size=\u00bb17px\u00bb text_orientation=\u00bbjustified\u00bb global_colors_info=\u00bb{}\u00bb][\/et_pb_blog][\/et_pb_column][\/et_pb_row][\/et_pb_section][et_pb_section fb_built=\u00bb1&#8243; disabled_on=\u00bbon|on|on\u00bb admin_label=\u00bbFun Fact Section\u00bb _builder_version=\u00bb4.13.0&#8243; background_color=\u00bb#3b5260&#8243; min_height=\u00bb507.2px\u00bb custom_margin=\u00bb2px||0px||false|false\u00bb custom_padding=\u00bb0px||0px||false|false\u00bb disabled=\u00bbon\u00bb global_colors_info=\u00bb{}\u00bb][et_pb_row admin_label=\u00bbService Section Title\u00bb _builder_version=\u00bb3.25&#8243; min_height=\u00bb297.4px\u00bb custom_margin=\u00bb36px|auto|8px|auto||\u00bb custom_padding=\u00bb||18px|||\u00bb animation_style=\u00bbfade\u00bb animation_direction=\u00bbtop\u00bb saved_tabs=\u00bball\u00bb global_colors_info=\u00bb{}\u00bb][et_pb_column type=\u00bb4_4&#8243; _builder_version=\u00bb3.25&#8243; custom_padding=\u00bb|||\u00bb global_colors_info=\u00bb{}\u00bb custom_padding__hover=\u00bb|||\u00bb][et_pb_text admin_label=\u00bbTitle\u00bb _builder_version=\u00bb4.13.0&#8243; text_font=\u00bbMontserrat||||||||\u00bb text_text_color=\u00bb#747d88&#8243; text_font_size=\u00bb16px\u00bb text_line_height=\u00bb1.9em\u00bb header_font=\u00bbCormorant Garamond||||||||\u00bb header_2_font=\u00bbCormorant Garamond|700||on|||||\u00bb header_2_text_color=\u00bb#FFFFFF\u00bb header_2_font_size=\u00bb42px\u00bb header_2_line_height=\u00bb1.3em\u00bb text_orientation=\u00bbcenter\u00bb max_width=\u00bb700px\u00bb module_alignment=\u00bbcenter\u00bb custom_margin=\u00bb24px|||||\u00bb animation_style=\u00bbslide\u00bb animation_direction=\u00bbbottom\u00bb animation_intensity_slide=\u00bb4%\u00bb header_2_font_size_tablet=\u00bb42px\u00bb header_2_font_size_phone=\u00bb30px\u00bb header_2_font_size_last_edited=\u00bbon|phone\u00bb global_colors_info=\u00bb{}\u00bb]<\/p>\n<h2>La satisfacci\u00f3n de nuestros clienteS es nuestra m\u00e1xima exigencia<\/h2>\n<p>[\/et_pb_text][\/et_pb_column][\/et_pb_row][et_pb_row column_structure=\u00bb1_4,1_4,1_4,1_4&#8243; admin_label=\u00bbFun Fact\u00bb _builder_version=\u00bb4.13.0&#8243; custom_margin=\u00bb|||\u00bb custom_padding=\u00bb0px||40px||false|false\u00bb animation_style=\u00bbzoom\u00bb animation_direction=\u00bbtop\u00bb animation_intensity_zoom=\u00bb10%\u00bb global_colors_info=\u00bb{}\u00bb][et_pb_column type=\u00bb1_4&#8243; _builder_version=\u00bb3.25&#8243; custom_padding=\u00bb|||\u00bb global_colors_info=\u00bb{}\u00bb custom_padding__hover=\u00bb|||\u00bb][et_pb_number_counter title=\u00bbClientes satisfechos\u00bb number=\u00bb95&#8243; _builder_version=\u00bb4.13.0&#8243; title_font=\u00bbPT Serif|||on|||||\u00bb title_text_color=\u00bb#FFFFFF\u00bb number_font=\u00bbPT Serif|700|||||||\u00bb number_text_color=\u00bb#ffffff\u00bb number_font_size=\u00bb60px\u00bb number_line_height=\u00bb90px\u00bb animation_style=\u00bbzoom\u00bb global_colors_info=\u00bb{}\u00bb][\/et_pb_number_counter][\/et_pb_column][et_pb_column type=\u00bb1_4&#8243; _builder_version=\u00bb3.25&#8243; custom_padding=\u00bb|||\u00bb global_colors_info=\u00bb{}\u00bb custom_padding__hover=\u00bb|||\u00bb][et_pb_number_counter title=\u00bba\u00f1os de trayectoria\u00bb number=\u00bb34&#8243; percent_sign=\u00bboff\u00bb _builder_version=\u00bb4.13.0&#8243; title_font=\u00bbPT Serif|||on|||||\u00bb title_text_color=\u00bb#FFFFFF\u00bb number_font=\u00bbPT Serif|700|||||||\u00bb number_text_color=\u00bb#ffffff\u00bb number_font_size=\u00bb60px\u00bb number_line_height=\u00bb90px\u00bb animation_style=\u00bbzoom\u00bb global_colors_info=\u00bb{}\u00bb][\/et_pb_number_counter][\/et_pb_column][et_pb_column type=\u00bb1_4&#8243; _builder_version=\u00bb3.25&#8243; custom_padding=\u00bb|||\u00bb global_colors_info=\u00bb{}\u00bb custom_padding__hover=\u00bb|||\u00bb][et_pb_number_counter title=\u00bbsentencias favorables\u00bb number=\u00bb+85&#8243; _builder_version=\u00bb4.13.0&#8243; title_font=\u00bbPT Serif|||on|||||\u00bb title_text_color=\u00bb#FFFFFF\u00bb number_font=\u00bbPT Serif|700|||||||\u00bb number_text_color=\u00bb#ffffff\u00bb number_font_size=\u00bb60px\u00bb number_line_height=\u00bb90px\u00bb animation_style=\u00bbzoom\u00bb global_colors_info=\u00bb{}\u00bb][\/et_pb_number_counter][\/et_pb_column][et_pb_column type=\u00bb1_4&#8243; _builder_version=\u00bb3.25&#8243; custom_padding=\u00bb|||\u00bb global_colors_info=\u00bb{}\u00bb custom_padding__hover=\u00bb|||\u00bb][et_pb_number_counter title=\u00bbclientes fidelizados\u00bb number=\u00bb+90&#8243; _builder_version=\u00bb4.13.0&#8243; title_font=\u00bbPT Serif|||on|||||\u00bb title_text_color=\u00bb#FFFFFF\u00bb number_font=\u00bbPT Serif|700|||||||\u00bb number_text_color=\u00bb#ffffff\u00bb number_font_size=\u00bb60px\u00bb number_line_height=\u00bb90px\u00bb animation_style=\u00bbzoom\u00bb global_colors_info=\u00bb{}\u00bb][\/et_pb_number_counter][\/et_pb_column][\/et_pb_row][\/et_pb_section][et_pb_section fb_built=\u00bb1&#8243; disabled_on=\u00bbon|on|on\u00bb admin_label=\u00bbSkill Section\u00bb _builder_version=\u00bb4.13.0&#8243; custom_padding=\u00bb48px||26px|||\u00bb disabled=\u00bbon\u00bb global_colors_info=\u00bb{}\u00bb][et_pb_row admin_label=\u00bbService Section Title\u00bb _builder_version=\u00bb3.25&#8243; custom_margin=\u00bb||40px|\u00bb custom_padding=\u00bb||9px|||\u00bb animation_style=\u00bbfade\u00bb animation_direction=\u00bbtop\u00bb saved_tabs=\u00bball\u00bb locked=\u00bboff\u00bb global_colors_info=\u00bb{}\u00bb][et_pb_column type=\u00bb4_4&#8243; _builder_version=\u00bb3.25&#8243; custom_padding=\u00bb|||\u00bb global_colors_info=\u00bb{}\u00bb custom_padding__hover=\u00bb|||\u00bb][et_pb_text admin_label=\u00bbTitle\u00bb _builder_version=\u00bb4.13.0&#8243; text_font=\u00bbMontserrat||||||||\u00bb text_text_color=\u00bb#747d88&#8243; text_font_size=\u00bb16px\u00bb text_line_height=\u00bb1.9em\u00bb header_font=\u00bb||||||||\u00bb header_2_font=\u00bbCormorant Garamond|700||on|||||\u00bb header_2_font_size=\u00bb42px\u00bb header_2_line_height=\u00bb1.3em\u00bb text_orientation=\u00bbcenter\u00bb max_width=\u00bb700px\u00bb module_alignment=\u00bbcenter\u00bb animation_style=\u00bbslide\u00bb animation_direction=\u00bbbottom\u00bb animation_intensity_slide=\u00bb4%\u00bb header_2_font_size_tablet=\u00bb42px\u00bb header_2_font_size_phone=\u00bb30px\u00bb header_2_font_size_last_edited=\u00bbon|phone\u00bb global_colors_info=\u00bb{}\u00bb]<\/p>\n<h2>Nuestros valores<\/h2>\n<p>[\/et_pb_text][\/et_pb_column][\/et_pb_row][et_pb_row column_structure=\u00bb1_2,1_2&#8243; admin_label=\u00bbSkill\u00bb _builder_version=\u00bb3.25&#8243; custom_padding=\u00bb20px||10px|\u00bb global_colors_info=\u00bb{}\u00bb][et_pb_column type=\u00bb1_2&#8243; _builder_version=\u00bb3.25&#8243; custom_padding=\u00bb|||\u00bb global_colors_info=\u00bb{}\u00bb custom_padding__hover=\u00bb|||\u00bb][et_pb_text _builder_version=\u00bb4.13.0&#8243; text_font=\u00bbPT Serif||||||||\u00bb text_text_color=\u00bb#747d88&#8243; text_font_size=\u00bb16px\u00bb text_line_height=\u00bb1.8em\u00bb custom_margin=\u00bb|||\u00bb custom_padding=\u00bb||20px|\u00bb animation_style=\u00bbflip\u00bb animation_intensity_flip=\u00bb20%\u00bb global_colors_info=\u00bb{}\u00bb]<\/p>\n<p style=%22text-align: justify;%22>Nuestras actuaciones se gu\u00edan por una serie de valores que se encuentran presentes en el ejercicio de nuestra actividad, para garantizar la excelencia tanto en la calidad t\u00e9cnica de nuestros letrados como en el trato al cliente.<\/p>\n<p style=%22text-align: justify;%22>La aplicaci\u00f3n de estos valores nos lleva a prestar un servicio de calidad a nuestros clientes, mediante un trato personalizado y un trabajo dirigido a obtener los mejores resultados y a satisfacer las necesidades de asesoramiento y defensa jur\u00eddica de nuestros clientes.<\/p>\n<p>[\/et_pb_text][\/et_pb_column][et_pb_column type=\u00bb1_2&#8243; _builder_version=\u00bb3.25&#8243; custom_padding=\u00bb|||\u00bb global_colors_info=\u00bb{}\u00bb custom_padding__hover=\u00bb|||\u00bb][et_pb_counters use_percentages=\u00bboff\u00bb _builder_version=\u00bb4.13.0&#8243; title_font=\u00bbPT Serif|||on|||||\u00bb title_text_color=\u00bb#353740&#8243; title_font_size=\u00bb12px\u00bb title_letter_spacing=\u00bb1px\u00bb title_line_height=\u00bb2em\u00bb percent_font_size=\u00bb1px\u00bb custom_padding=\u00bb|||\u00bb animation_style=\u00bbfold\u00bb animation_direction=\u00bbleft\u00bb animation_intensity_fold=\u00bb30%\u00bb global_colors_info=\u00bb{}\u00bb][et_pb_counter percent=\u00bb1000&#8243; _builder_version=\u00bb4.10.5&#8243; title_font=\u00bb||||||||\u00bb percent_font=\u00bb||||\u00bb background_color=\u00bb#ececee\u00bb background_enable_video_mp4=\u00bbon\u00bb background_enable_video_webm=\u00bbon\u00bb custom_margin=\u00bb||35px|\u00bb custom_padding=\u00bb|||\u00bb global_colors_info=\u00bb{}\u00bb background_enable_color_default=\u00bbon\u00bb parallax_default=\u00bboff\u00bb parallax_method_default=\u00bbon\u00bb bar_background_color_default=\u00bb#009974&#8243; use_percentages=\u00bboff\u00bb]Anticipaci\u00f3n[\/et_pb_counter][et_pb_counter percent=\u00bb100&#8243; _builder_version=\u00bb4.10.5&#8243; title_font=\u00bb||||||||\u00bb percent_font=\u00bb||||\u00bb background_color=\u00bb#ececee\u00bb background_enable_video_mp4=\u00bbon\u00bb background_enable_video_webm=\u00bbon\u00bb custom_margin=\u00bb||35px|\u00bb custom_padding=\u00bb|||\u00bb global_colors_info=\u00bb{}\u00bb background_enable_color_default=\u00bbon\u00bb parallax_default=\u00bboff\u00bb parallax_method_default=\u00bbon\u00bb bar_background_color_default=\u00bb#009974&#8243; use_percentages=\u00bboff\u00bb]Especializaci\u00f3n[\/et_pb_counter][et_pb_counter percent=\u00bb100&#8243; _builder_version=\u00bb4.10.5&#8243; title_font=\u00bb||||||||\u00bb percent_font=\u00bb||||\u00bb background_color=\u00bb#ececee\u00bb background_enable_video_mp4=\u00bbon\u00bb background_enable_video_webm=\u00bbon\u00bb custom_margin=\u00bb||35px|\u00bb custom_padding=\u00bb|||\u00bb global_colors_info=\u00bb{}\u00bb background_enable_color_default=\u00bbon\u00bb parallax_default=\u00bboff\u00bb parallax_method_default=\u00bbon\u00bb bar_background_color_default=\u00bb#009974&#8243; use_percentages=\u00bboff\u00bb]Implicaci\u00f3n[\/et_pb_counter][\/et_pb_counters][\/et_pb_column][\/et_pb_row][\/et_pb_section][et_pb_section fb_built=\u00bb1&#8243; disabled_on=\u00bbon|on|on\u00bb admin_label=\u00bbContact Form Section\u00bb module_id=\u00bbcontacto\u00bb _builder_version=\u00bb4.9.10&#8243; background_color=\u00bb#3b5260&#8243; custom_padding=\u00bb48px||110px|||\u00bb animation_style=\u00bbzoom\u00bb animation_direction=\u00bbbottom\u00bb animation_intensity_zoom=\u00bb10%\u00bb disabled=\u00bbon\u00bb saved_tabs=\u00bball\u00bb global_colors_info=\u00bb{}\u00bb][et_pb_row admin_label=\u00bbService Section Title\u00bb _builder_version=\u00bb3.25&#8243; custom_margin=\u00bb||40px|\u00bb animation_style=\u00bbfade\u00bb animation_direction=\u00bbtop\u00bb locked=\u00bboff\u00bb global_colors_info=\u00bb{}\u00bb][et_pb_column type=\u00bb4_4&#8243; _builder_version=\u00bb3.25&#8243; custom_padding=\u00bb|||\u00bb global_colors_info=\u00bb{}\u00bb custom_padding__hover=\u00bb|||\u00bb][et_pb_text admin_label=\u00bbTitle\u00bb _builder_version=\u00bb4.13.0&#8243; text_font=\u00bbMontserrat||||||||\u00bb text_text_color=\u00bb#747d88&#8243; text_font_size=\u00bb16px\u00bb text_line_height=\u00bb1.9em\u00bb header_font=\u00bb||||||||\u00bb header_2_font=\u00bbCormorant Garamond|700||on|||||\u00bb header_2_text_color=\u00bb#ffffff\u00bb header_2_font_size=\u00bb42px\u00bb header_2_line_height=\u00bb1.3em\u00bb background_size=\u00bbinitial\u00bb background_position=\u00bbtop_left\u00bb background_repeat=\u00bbrepeat\u00bb text_orientation=\u00bbcenter\u00bb max_width=\u00bb700px\u00bb module_alignment=\u00bbcenter\u00bb animation_style=\u00bbslide\u00bb animation_direction=\u00bbbottom\u00bb animation_intensity_slide=\u00bb4%\u00bb header_2_font_size_tablet=\u00bb\u00bb header_2_font_size_phone=\u00bb30px\u00bb header_2_font_size_last_edited=\u00bbon|phone\u00bb global_colors_info=\u00bb{}\u00bb]<\/p>\n<h2>Contacta con nosotros<span style=%22color: #000;%22><\/span><\/h2>\n<p>[\/et_pb_text][et_pb_text admin_label=\u00bbSubtitle\u00bb _builder_version=\u00bb4.13.0&#8243; text_font=\u00bbPT Serif||||||||\u00bb text_text_color=\u00bb#FFFFFF\u00bb text_font_size=\u00bb16px\u00bb text_line_height=\u00bb1.8em\u00bb header_font=\u00bb||||||||\u00bb background_size=\u00bbinitial\u00bb background_position=\u00bbtop_left\u00bb background_repeat=\u00bbrepeat\u00bb text_orientation=\u00bbcenter\u00bb max_width=\u00bb700px\u00bb module_alignment=\u00bbcenter\u00bb custom_margin=\u00bb|||\u00bb animation_style=\u00bbslide\u00bb animation_direction=\u00bbbottom\u00bb animation_delay=\u00bb100ms\u00bb animation_intensity_slide=\u00bb4%\u00bb global_colors_info=\u00bb{}\u00bb]<\/p>\n<p>Rellena el siguiente formulario de contacto y te responderemos lo antes posible:<\/p>\n<p>[\/et_pb_text][\/et_pb_column][\/et_pb_row][et_pb_row admin_label=\u00bbContact Form\u00bb _builder_version=\u00bb3.25&#8243; animation_style=\u00bbfade\u00bb global_colors_info=\u00bb{}\u00bb][et_pb_column type=\u00bb4_4&#8243; _builder_version=\u00bb3.25&#8243; custom_padding=\u00bb|||\u00bb global_colors_info=\u00bb{}\u00bb custom_padding__hover=\u00bb|||\u00bb][et_pb_text _builder_version=\u00bb4.10.3&#8243; _module_preset=\u00bbdefault\u00bb global_colors_info=\u00bb{}\u00bb]<\/p>\n<p>[contact-form-7 id=%2299%22 title=%22Formulario de contacto 1%22]<\/p>\n<p>[\/et_pb_text][\/et_pb_column][\/et_pb_row][\/et_pb_section]<\/p>\n","protected":false},"excerpt":{"rendered":"<p>PROCEDIMIENTOSNUESTROS VALORES Profesionalidad, personalizaci\u00f3n de los servicios, flexibilidad, rigor, eficiencia y agilidad &#8211; nos llevan a utilizar PROCEDIMIENTOS CONCRETOS a la hora de implementar los serviciosNuestro PROCEDIMIENTO DE ACTUACI\u00d3N comporta: Reuniones previas necesarias con la Direcci\u00f3n de la empresa y Departamentode RRHH para detectar las necesidades reales y cumplimentar el imprescindible check-list. Entrega de propuesta [&hellip;]<\/p>\n","protected":false},"author":1,"featured_media":0,"parent":0,"menu_order":0,"comment_status":"closed","ping_status":"open","template":"","meta":{"_et_pb_use_builder":"on","_et_pb_old_content":"","_et_gb_content_width":"","footnotes":""},"class_list":["post-280","page","type-page","status-publish","hentry"],"_links":{"self":[{"href":"https:\/\/www.etica.cat\/es\/wp-json\/wp\/v2\/pages\/280","targetHints":{"allow":["GET"]}}],"collection":[{"href":"https:\/\/www.etica.cat\/es\/wp-json\/wp\/v2\/pages"}],"about":[{"href":"https:\/\/www.etica.cat\/es\/wp-json\/wp\/v2\/types\/page"}],"author":[{"embeddable":true,"href":"https:\/\/www.etica.cat\/es\/wp-json\/wp\/v2\/users\/1"}],"replies":[{"embeddable":true,"href":"https:\/\/www.etica.cat\/es\/wp-json\/wp\/v2\/comments?post=280"}],"version-history":[{"count":9,"href":"https:\/\/www.etica.cat\/es\/wp-json\/wp\/v2\/pages\/280\/revisions"}],"predecessor-version":[{"id":417,"href":"https:\/\/www.etica.cat\/es\/wp-json\/wp\/v2\/pages\/280\/revisions\/417"}],"wp:attachment":[{"href":"https:\/\/www.etica.cat\/es\/wp-json\/wp\/v2\/media?parent=280"}],"curies":[{"name":"wp","href":"https:\/\/api.w.org\/{rel}","templated":true}]}}