{"id":201,"date":"2021-11-23T08:52:13","date_gmt":"2021-11-23T08:52:13","guid":{"rendered":"https:\/\/www.etica.cat\/aviso-legal\/"},"modified":"2021-11-23T08:53:05","modified_gmt":"2021-11-23T08:53:05","slug":"aviso-legal","status":"publish","type":"page","link":"https:\/\/www.etica.cat\/es\/aviso-legal\/","title":{"rendered":"Aviso Legal"},"content":{"rendered":"<p>[et_pb_section fb_built=\u00bb1&#8243; _builder_version=\u00bb4.13.1&#8243; _module_preset=\u00bbdefault\u00bb custom_padding=\u00bb||0px|||\u00bb global_colors_info=\u00bb{}\u00bb][et_pb_row _builder_version=\u00bb4.13.1&#8243; _module_preset=\u00bbdefault\u00bb global_colors_info=\u00bb{}\u00bb][et_pb_column type=\u00bb4_4&#8243; _builder_version=\u00bb4.13.1&#8243; _module_preset=\u00bbdefault\u00bb global_colors_info=\u00bb{}\u00bb][et_pb_text _builder_version=\u00bb4.13.1&#8243; _module_preset=\u00bbdefault\u00bb header_2_font=\u00bb|700|||||||\u00bb header_2_font_size=\u00bb40px\u00bb hover_enabled=\u00bb0&#8243; global_colors_info=\u00bb{}\u00bb sticky_enabled=\u00bb0&#8243;]<\/p>\n<h2><span>AVISO LEGAL<br \/>\n<\/span><\/h2>\n<p>[\/et_pb_text][et_pb_divider color=\u00bb#000000&#8243; divider_weight=\u00bb2px\u00bb _builder_version=\u00bb4.13.1&#8243; _module_preset=\u00bbdefault\u00bb width=\u00bb100%\u00bb custom_margin=\u00bb-25px||0px||false|false\u00bb custom_padding=\u00bb0px||0px||false|false\u00bb global_colors_info=\u00bb{}\u00bb][\/et_pb_divider][et_pb_text ol_position=\u00bboutside\u00bb ol_item_indent=\u00bb30px\u00bb _builder_version=\u00bb4.13.1&#8243; _module_preset=\u00bbdefault\u00bb text_text_color=\u00bb#000000&#8243; text_font_size=\u00bb16px\u00bb custom_margin=\u00bb58px||75px|||\u00bb global_colors_info=\u00bb{}\u00bb]<\/p>\n<h3>1. Objeto y aceptaci\u00f3n<\/h3>\n<p>El presente aviso legal regula el uso del sitio web www.etica.cat, que pose a su disposici\u00f3n \u201c\u00c9tica Gesti\u00f3n del Riesgo Empresarial, S.L\u201d, con domicilio en C\/San Ignasi de Loiola, 110 Local \u2013 Badalona, con CIF B67160119 y tel\u00e9fono 93.741.28.89.<\/p>\n<p>La navegaci\u00f3n por este sitio web atribuye la condici\u00f3n de usuario del mismo e implica la aceptaci\u00f3n llena y sin reservas de todas y cada una de las disposiciones incluidas en este Aviso Legal, que pueden sufrir modificaciones.<\/p>\n<p>El usuario se obliga a hacer un uso correcto del sitio web en conformidad con las leyes, la buena fe, el orden p\u00fablico, los usos del tr\u00e1fico y el presente Aviso Legal. El usuario responder\u00e1 frente a \u00c9tica Gesti\u00f3n del Riesgo Empresarial, S.L o frente a terceros, de cualesquier da\u00f1os y perjuicios que pudieran causarse a consecuencia del incumplimiento de esta obligaci\u00f3n.<\/p>\n<h3>2. Condiciones de acceso y utilizaci\u00f3n<\/h3>\n<p>El sitio web y sus servicios son de acceso libre y gratuito. El usuario garantiza la autenticidad y actualidad de todos aquellos datos que comunique a \u00c9tica Gesti\u00f3n del Riesgo Empresarial, S.L y ser\u00e1 el \u00fanico responsable de las manifestaciones falsas o inexactas que realice.<\/p>\n<p>El usuario se compromete expresamente a hacer un uso adecuado de los contenidos y servicios de este sitio web y a no emplearlos para, entre otros ninguna actividad legalmente prohibida o atentatoria contra la moral o el orden p\u00fablico.<\/p>\n<h3>3. Propiedad industrial e intelectual<\/h3>\n<p>Todos los contenidos del sitio web, como textos, fotograf\u00edas, gr\u00e1ficos, im\u00e1genes, iconos, tecnolog\u00eda, software, as\u00ed como su dise\u00f1o gr\u00e1fico y c\u00f3digos fuente, constituyen una obra la propiedad de la cual pertenecen a \u00c9tica Gesti\u00f3n del Riesgo Empresarial, S.L, sin que puedan entenderse cedidos al usuario ninguno de los derechos de explotaci\u00f3n sobre los mismos m\u00e1s all\u00e1 del estrictamente necesario para el correcto uso de la web.<\/p>\n<p>Los usuarios que accedan a este sitio web pueden visualizar los contenidos y efectuar, en su caso, copias privadas autorizadas siempre que los elementos reproducidos no sean cedidos posteriormente a terceros, ni se instalen a servidores conectados en redes, ni sean objeto de ning\u00fan tipo de explotaci\u00f3n.<\/p>\n<p>As\u00ed mismo, todas las marcas, nombres comerciales o signos distintivos de cualquier clase que aparecen en el sitio web son propiedad de \u00c9tica Gesti\u00f3n del Riesgo Empresarial, S.L, sin que pueda entenderse que el uso o acceso al mismo atribuya al usuario derecho alg\u00fan sobre estos.<\/p>\n<p>La distribuci\u00f3n, modificaci\u00f3n, cesi\u00f3n o comunicaci\u00f3n p\u00fablica de los contenidos y cualquier otro acto que no haya sido expresamente autorizado por el titular de los derechos de explotaci\u00f3n quedan prohibidas.<\/p>\n<h3>4. Exclusi\u00f3n de garant\u00edas y de responsabilidad<\/h3>\n<p>El contenido del presente sitio web es de car\u00e1cter general y tiene una finalidad meramente informativa, sin que se garantice plenamente el acceso a todos los contenidos, ni su exhaustividad, correcci\u00f3n, vigencia o actualidad, ni su idoneidad o utilidad para un objetivo espec\u00edfico.<\/p>\n<p>\u00c9tica Gesti\u00f3n del Riesgo Empresarial, S.L excluye, hasta donde permite el ordenamiento jur\u00eddico, cualquier responsabilidad por los da\u00f1os y perjuicios de toda naturaleza derivados de: a) La imposibilidad de acceso al sitio web o la falta de veracidad, exactitud, exhaustividad y\/o actualidad de los contenidos, as\u00ed como la existencia de vicios y defectos de toda clase de los contenidos transmitidos, difundidos, almacenados, puestos a disposici\u00f3n a los cuales se haya accedido a trav\u00e9s del sitio web o de los servicios que se ofrecen; b) La presencia de virus u otros elementos en los contenidos que puedan producir alteraciones en los sistemas inform\u00e1ticos, documentos electr\u00f3nicos o datos de los usuarios; c) El incumplimiento de las leyes, la buena fe, el orden p\u00fablico, los usos del tr\u00e1fico y el presente aviso legal a consecuencia del uso incorrecto del sitio web. En particular, y a manera ejemplificativo. Abogados no se hace responsable de las actuaciones de terceros que vulneren derechos de propiedad intelectual e industrial, secretos empresariales, derechos al honor, a la intimidad personal y familiar y a la propia imagen, as\u00ed como la normativa en materia de competencia desleal y publicidad il\u00edcita.<\/p>\n<p>As\u00ed mismo, \u00c9tica Gesti\u00f3n del Riesgo Empresarial, S.L declina cualquier responsabilidad respecto a la informaci\u00f3n que se encuentre fuera de esta web y no sea gestionada directamente por nuestro webmaster. La funci\u00f3n de los links que aparecen en esta web es exclusivamente la de informar el usuario sobre la existencia otras fuentes susceptibles de ampliar los contenidos que ofrece este sitio web. \u00c9tica Gesti\u00f3n del Riesgo Empresarial, S.L no garantiza ni se responsabiliza del funcionamiento o accesibilidad de los lugares enlazados; ni sugiere, invita o recomienda la visita a estos, por lo cual tampoco ser\u00e1 responsable del resultado obtenido.<\/p>\n<p>\u00c9tica Gesti\u00f3n del Riesgo Empresarial, S.L no se responsabiliza del establecimiento de enlaces por parte de terceros.<\/p>\n<p>\u00c9tica Gesti\u00f3n del Riesgo Empresarial, S.L no se responsabiliza del uso que cada usuario le d\u00e9 a los materiales puestos a disposici\u00f3n en este sitio web ni de las actuaciones que realice en base a estos.<\/p>\n<p>\u00c9tica Gesti\u00f3n del Riesgo Empresarial, S.L se reserva el derecho a hacer cambios en el sitio web sin previo aviso, a fin de mantener actualizada la informaci\u00f3n, a\u00f1adiendo, modificando, corrigiendo o eliminando los contenidos publicados o el dise\u00f1o del portal.<\/p>\n<h3>5. Actividades de car\u00e1cter il\u00edcito<\/h3>\n<p>En el supuesto de que cualquier usuario o un tercero considere que existen hechos o circunstancias que revelen el car\u00e1cter il\u00edcito de la utilizaci\u00f3n de cualquier contenido y\/o de la realizaci\u00f3n de cualquier actividad en las p\u00e1ginas web incluidas o accesibles a trav\u00e9s del sitio web, tendr\u00e1 que enviar una notificaci\u00f3n a \u00c9tica Gesti\u00f3n del Riesgo Empresarial, S.L identific\u00e1ndose debidamente, especificando las supuestas infracciones y declarante expresamente y bajo su responsabilidad que la informaci\u00f3n proporcionada en la notificaci\u00f3n es exacta.<\/p>\n<h3>6. Publicaciones<\/h3>\n<p>La informaci\u00f3n administrativa facilitada a trav\u00e9s del sitio web no sustituye la publicidad legal de las leyes, normativas, planes, disposiciones generales y actas que tengan que ser publicados formalmente en los diarios oficiales de las administraciones p\u00fablicas, que constituyen el \u00fanico instrumento que da fe de su autenticidad y contenido. La informaci\u00f3n disponible en este sitio web tiene que entenderse como una gu\u00eda sin prop\u00f3sito de validez legal.<\/p>\n<h3>7. Ley aplicable y fuero<\/h3>\n<p>Para toda cuesti\u00f3n litigiosa que incumba el sitio web de \u00c9tica Gesti\u00f3n del Riesgo Empresarial, S.L, ser\u00e1 aplicable la legislaci\u00f3n espa\u00f1ola.<\/p>\n<p>[\/et_pb_text][\/et_pb_column][\/et_pb_row][\/et_pb_section]<\/p>\n","protected":false},"excerpt":{"rendered":"<p>AVISO LEGAL 1. Objeto y aceptaci\u00f3n El presente aviso legal regula el uso del sitio web www.etica.cat, que pose a su disposici\u00f3n \u201c\u00c9tica Gesti\u00f3n del Riesgo Empresarial, S.L\u201d, con domicilio en C\/San Ignasi de Loiola, 110 Local \u2013 Badalona, con CIF B67160119 y tel\u00e9fono 93.741.28.89. La navegaci\u00f3n por este sitio web atribuye la condici\u00f3n de [&hellip;]<\/p>\n","protected":false},"author":1,"featured_media":0,"parent":0,"menu_order":0,"comment_status":"closed","ping_status":"open","template":"","meta":{"_et_pb_use_builder":"on","_et_pb_old_content":"","_et_gb_content_width":"","footnotes":""},"class_list":["post-201","page","type-page","status-publish","hentry"],"_links":{"self":[{"href":"https:\/\/www.etica.cat\/es\/wp-json\/wp\/v2\/pages\/201","targetHints":{"allow":["GET"]}}],"collection":[{"href":"https:\/\/www.etica.cat\/es\/wp-json\/wp\/v2\/pages"}],"about":[{"href":"https:\/\/www.etica.cat\/es\/wp-json\/wp\/v2\/types\/page"}],"author":[{"embeddable":true,"href":"https:\/\/www.etica.cat\/es\/wp-json\/wp\/v2\/users\/1"}],"replies":[{"embeddable":true,"href":"https:\/\/www.etica.cat\/es\/wp-json\/wp\/v2\/comments?post=201"}],"version-history":[{"count":10,"href":"https:\/\/www.etica.cat\/es\/wp-json\/wp\/v2\/pages\/201\/revisions"}],"predecessor-version":[{"id":211,"href":"https:\/\/www.etica.cat\/es\/wp-json\/wp\/v2\/pages\/201\/revisions\/211"}],"wp:attachment":[{"href":"https:\/\/www.etica.cat\/es\/wp-json\/wp\/v2\/media?parent=201"}],"curies":[{"name":"wp","href":"https:\/\/api.w.org\/{rel}","templated":true}]}}